{"id":393,"date":"2023-02-21T10:17:12","date_gmt":"2023-02-21T10:17:12","guid":{"rendered":"http:\/\/pediatra365.com\/?page_id=393"},"modified":"2025-01-21T22:12:08","modified_gmt":"2025-01-21T22:12:08","slug":"pedir-cita","status":"publish","type":"page","link":"https:\/\/pediatra365.com\/en\/pedir-cita\/","title":{"rendered":"PEDIR CITA"},"content":{"rendered":"\t\t<div data-elementor-type=\"wp-page\" data-elementor-id=\"393\" class=\"elementor elementor-393\" data-elementor-post-type=\"page\">\n\t\t\t\t\t\t<section class=\"elementor-section elementor-top-section elementor-element elementor-element-3d876cc elementor-section-boxed elementor-section-height-default elementor-section-height-default\" data-id=\"3d876cc\" data-element_type=\"section\" data-e-type=\"section\">\n\t\t\t\t\t\t<div class=\"elementor-container elementor-column-gap-no\">\n\t\t\t\t\t<div class=\"elementor-column elementor-col-100 elementor-top-column elementor-element elementor-element-1183e83\" data-id=\"1183e83\" data-element_type=\"column\" data-e-type=\"column\">\n\t\t\t<div class=\"elementor-widget-wrap elementor-element-populated\">\n\t\t\t\t\t\t<div class=\"elementor-element elementor-element-fc3071a elementor-widget elementor-widget-heading\" data-id=\"fc3071a\" data-element_type=\"widget\" data-e-type=\"widget\" data-widget_type=\"heading.default\">\n\t\t\t\t<div class=\"elementor-widget-container\">\n\t\t\t\t\t<h1 class=\"elementor-heading-title elementor-size-default\">Pedir cita:<\/h1>\t\t\t\t<\/div>\n\t\t\t\t<\/div>\n\t\t\t\t<div class=\"elementor-element elementor-element-3415f7b elementor-widget elementor-widget-text-editor\" data-id=\"3415f7b\" data-element_type=\"widget\" data-e-type=\"widget\" data-widget_type=\"text-editor.default\">\n\t\t\t\t<div class=\"elementor-widget-container\">\n\t\t\t\t\t\t\t\t\t<p><span style=\"font-weight: 400;\">Para pedir cita con el Dr. Alfonso Ca\u00f1ete, se puede contactar telef\u00f3nicamente con las cl\u00ednicas o bien citarse directamente online a trav\u00e9s de internet (Top Doctors o Dotoralia) de la siguiente manera:<\/span><\/p>\t\t\t\t\t\t\t\t<\/div>\n\t\t\t\t<\/div>\n\t\t\t\t<div class=\"elementor-element elementor-element-e765e45 elementor-widget elementor-widget-text-editor\" data-id=\"e765e45\" data-element_type=\"widget\" data-e-type=\"widget\" data-widget_type=\"text-editor.default\">\n\t\t\t\t<div class=\"elementor-widget-container\">\n\t\t\t\t\t\t\t\t\t<p><span style=\"font-weight: 400;\">1- Pedir cita contactando telef\u00f3nicamente con las cl\u00ednicas:<\/span><\/p>\t\t\t\t\t\t\t\t<\/div>\n\t\t\t\t<\/div>\n\t\t\t\t<section class=\"elementor-section elementor-inner-section elementor-element elementor-element-6cebc37 elementor-section-boxed elementor-section-height-default elementor-section-height-default\" data-id=\"6cebc37\" data-element_type=\"section\" data-e-type=\"section\">\n\t\t\t\t\t\t<div class=\"elementor-container elementor-column-gap-no\">\n\t\t\t\t\t<div class=\"elementor-column elementor-col-20 elementor-inner-column elementor-element elementor-element-d59a1ab\" data-id=\"d59a1ab\" data-element_type=\"column\" data-e-type=\"column\">\n\t\t\t<div class=\"elementor-widget-wrap\">\n\t\t\t\t\t\t\t<\/div>\n\t\t<\/div>\n\t\t\t\t<div class=\"elementor-column elementor-col-20 elementor-inner-column elementor-element elementor-element-cbdf14e\" data-id=\"cbdf14e\" data-element_type=\"column\" data-e-type=\"column\" data-settings=\"{&quot;background_background&quot;:&quot;classic&quot;}\">\n\t\t\t<div class=\"elementor-widget-wrap elementor-element-populated\">\n\t\t\t\t\t\t<div class=\"elementor-element elementor-element-21fe987 elementor-widget elementor-widget-text-editor\" data-id=\"21fe987\" data-element_type=\"widget\" data-e-type=\"widget\" data-widget_type=\"text-editor.default\">\n\t\t\t\t<div class=\"elementor-widget-container\">\n\t\t\t\t\t\t\t\t\t<p><span style=\"font-weight: 400;\">Lunes y Mi\u00e9rcoles en:<\/span><\/p>\t\t\t\t\t\t\t\t<\/div>\n\t\t\t\t<\/div>\n\t\t\t\t<div class=\"elementor-element elementor-element-b76542b elementor-widget elementor-widget-text-editor\" data-id=\"b76542b\" data-element_type=\"widget\" data-e-type=\"widget\" data-widget_type=\"text-editor.default\">\n\t\t\t\t<div class=\"elementor-widget-container\">\n\t\t\t\t\t\t\t\t\t<p><span style=\"font-weight: 400;\">MIP-SALUD<\/span><\/p>\t\t\t\t\t\t\t\t<\/div>\n\t\t\t\t<\/div>\n\t\t\t\t<div class=\"elementor-element elementor-element-d516f28 elementor-align-center elementor-widget elementor-widget-button\" data-id=\"d516f28\" data-element_type=\"widget\" data-e-type=\"widget\" data-widget_type=\"button.default\">\n\t\t\t\t<div class=\"elementor-widget-container\">\n\t\t\t\t\t\t\t\t\t<div class=\"elementor-button-wrapper\">\n\t\t\t\t\t<a class=\"elementor-button elementor-button-link elementor-size-sm\" href=\"tel:+34911123479\" target=\"_blank\">\n\t\t\t\t\t\t<span class=\"elementor-button-content-wrapper\">\n\t\t\t\t\t\t<span class=\"elementor-button-icon\">\n\t\t\t\t<i aria-hidden=\"true\" class=\"fas fa-phone-alt\"><\/i>\t\t\t<\/span>\n\t\t\t\t\t\t\t\t\t<span class=\"elementor-button-text\">Tel: 34 911 123 479<\/span>\n\t\t\t\t\t<\/span>\n\t\t\t\t\t<\/a>\n\t\t\t\t<\/div>\n\t\t\t\t\t\t\t\t<\/div>\n\t\t\t\t<\/div>\n\t\t\t\t\t<\/div>\n\t\t<\/div>\n\t\t\t\t<div class=\"elementor-column elementor-col-20 elementor-inner-column elementor-element elementor-element-fd314b3\" data-id=\"fd314b3\" data-element_type=\"column\" data-e-type=\"column\">\n\t\t\t<div class=\"elementor-widget-wrap\">\n\t\t\t\t\t\t\t<\/div>\n\t\t<\/div>\n\t\t\t\t<div class=\"elementor-column elementor-col-20 elementor-inner-column elementor-element elementor-element-6747489\" data-id=\"6747489\" data-element_type=\"column\" data-e-type=\"column\" data-settings=\"{&quot;background_background&quot;:&quot;classic&quot;}\">\n\t\t\t<div class=\"elementor-widget-wrap elementor-element-populated\">\n\t\t\t\t\t\t<div class=\"elementor-element elementor-element-86b1283 elementor-widget elementor-widget-text-editor\" data-id=\"86b1283\" data-element_type=\"widget\" data-e-type=\"widget\" data-widget_type=\"text-editor.default\">\n\t\t\t\t<div class=\"elementor-widget-container\">\n\t\t\t\t\t\t\t\t\t<p><span style=\"font-weight: 400;\">Martes, Jueves y Viernes en:<\/span><\/p>\t\t\t\t\t\t\t\t<\/div>\n\t\t\t\t<\/div>\n\t\t\t\t<div class=\"elementor-element elementor-element-398929b elementor-widget elementor-widget-text-editor\" data-id=\"398929b\" data-element_type=\"widget\" data-e-type=\"widget\" data-widget_type=\"text-editor.default\">\n\t\t\t\t<div class=\"elementor-widget-container\">\n\t\t\t\t\t\t\t\t\t<p><span style=\"font-weight: 400;\">UNIDAD MEDICA <br \/><\/span><span style=\"font-weight: 400;\">ANGLO-AMERICANA<\/span><\/p>\t\t\t\t\t\t\t\t<\/div>\n\t\t\t\t<\/div>\n\t\t\t\t<div class=\"elementor-element elementor-element-f502e29 elementor-align-center elementor-widget elementor-widget-button\" data-id=\"f502e29\" data-element_type=\"widget\" data-e-type=\"widget\" data-widget_type=\"button.default\">\n\t\t\t\t<div class=\"elementor-widget-container\">\n\t\t\t\t\t\t\t\t\t<div class=\"elementor-button-wrapper\">\n\t\t\t\t\t<a class=\"elementor-button elementor-button-link elementor-size-sm\" href=\"tel:+34914351823\" target=\"_blank\">\n\t\t\t\t\t\t<span class=\"elementor-button-content-wrapper\">\n\t\t\t\t\t\t<span class=\"elementor-button-icon\">\n\t\t\t\t<i aria-hidden=\"true\" class=\"fas fa-phone-alt\"><\/i>\t\t\t<\/span>\n\t\t\t\t\t\t\t\t\t<span class=\"elementor-button-text\">Tel: 34 914 351 823<\/span>\n\t\t\t\t\t<\/span>\n\t\t\t\t\t<\/a>\n\t\t\t\t<\/div>\n\t\t\t\t\t\t\t\t<\/div>\n\t\t\t\t<\/div>\n\t\t\t\t\t<\/div>\n\t\t<\/div>\n\t\t\t\t<div class=\"elementor-column elementor-col-20 elementor-inner-column elementor-element elementor-element-694f234\" data-id=\"694f234\" data-element_type=\"column\" data-e-type=\"column\">\n\t\t\t<div class=\"elementor-widget-wrap\">\n\t\t\t\t\t\t\t<\/div>\n\t\t<\/div>\n\t\t\t\t\t<\/div>\n\t\t<\/section>\n\t\t\t\t<div class=\"elementor-element elementor-element-7824e1c elementor-widget elementor-widget-text-editor\" data-id=\"7824e1c\" data-element_type=\"widget\" data-e-type=\"widget\" data-widget_type=\"text-editor.default\">\n\t\t\t\t<div class=\"elementor-widget-container\">\n\t\t\t\t\t\t\t\t\t<p><span style=\"font-weight: 400;\">2- Citarse directamente online a trav\u00e9s de internet:<\/span><\/p>\t\t\t\t\t\t\t\t<\/div>\n\t\t\t\t<\/div>\n\t\t\t\t<section class=\"elementor-section elementor-inner-section elementor-element elementor-element-1157fc0 elementor-section-boxed elementor-section-height-default elementor-section-height-default\" data-id=\"1157fc0\" data-element_type=\"section\" data-e-type=\"section\">\n\t\t\t\t\t\t<div class=\"elementor-container elementor-column-gap-no\">\n\t\t\t\t\t<div class=\"elementor-column elementor-col-50 elementor-inner-column elementor-element elementor-element-bf0553a\" data-id=\"bf0553a\" data-element_type=\"column\" data-e-type=\"column\" data-settings=\"{&quot;background_background&quot;:&quot;classic&quot;}\">\n\t\t\t<div class=\"elementor-widget-wrap elementor-element-populated\">\n\t\t\t\t\t\t<div class=\"elementor-element elementor-element-fc1fb4a elementor-widget elementor-widget-text-editor\" data-id=\"fc1fb4a\" data-element_type=\"widget\" data-e-type=\"widget\" data-widget_type=\"text-editor.default\">\n\t\t\t\t<div class=\"elementor-widget-container\">\n\t\t\t\t\t\t\t\t\t<p><span style=\"font-weight: 400;\">TOP DOCTORS<\/span><\/p>\t\t\t\t\t\t\t\t<\/div>\n\t\t\t\t<\/div>\n\t\t\t\t<div class=\"elementor-element elementor-element-7d9ba87 elementor-widget__width-auto elementor-widget elementor-widget-html\" data-id=\"7d9ba87\" data-element_type=\"widget\" data-e-type=\"widget\" data-widget_type=\"html.default\">\n\t\t\t\t<div class=\"elementor-widget-container\">\n\t\t\t\t\t<!-- Widget actualizado -->\n<div id=\"doctor-widget\" style=\"border: 1px solid #ddd; border-radius: 10px; padding: 15px; max-width: 400px; font-family: Arial, sans-serif; box-shadow: 0px 4px 8px rgba(0, 0, 0, 0.1);\">\n    <!-- Contenedor principal -->\n    <div style=\"display: flex; align-items: center; margin-bottom: 15px;\">\n        <!-- Foto del doctor -->\n        <div style=\"flex-shrink: 0; margin-right: 15px;\">\n            <img decoding=\"async\" id=\"doctor-photo\" src=\"https:\/\/via.placeholder.com\/100\" alt=\"Foto del doctor\" style=\"border-radius: 10px; width: 100px; height: 100px; object-fit: cover;\">\n        <\/div>\n        <!-- Informaci\u00f3n del doctor -->\n        <div>\n            <h3 id=\"doctor-name\" style=\"margin: 0; font-size: 18px; color: #0073e6; font-weight: bold;\">Dr. Alfonso Ca\u00f1ete D\u00edaz<\/h3>\n            <p id=\"doctor-specialty\" style=\"margin: 5px 0; font-size: 14px; color: #666;\">Pediatr\u00eda en Madrid<\/p>\n            <p id=\"doctor-ratings\" style=\"margin: 0; font-size: 14px; color: #555;\">\n                <span style=\"color: #f4b400;\">&#9733;&#9733;&#9733;&#9733;&#9733;<\/span> 5.0 | <strong>29 opiniones<\/strong>\n            <\/p>\n        <\/div>\n    <\/div>\n    <!-- Botones de acci\u00f3n -->\n    <div style=\"display: flex; gap: 10px;\">\n        <a href=\"tel:+34911222333\" target=\"_blank\" rel=\"noopener noreferrer\" \n           style=\"flex: 1; text-align: center; padding: 10px; background-color: #002f5f; color: white; text-decoration: none; border-radius: 5px; font-size: 14px; display: flex; align-items: center; justify-content: center;\">\n            &#128222; Llamar\n        <\/a>\n        <a href=\"#\" target=\"_blank\" rel=\"noopener noreferrer\" \n           style=\"flex: 1; text-align: center; padding: 10px; background-color: #0073e6; color: white; text-decoration: none; border-radius: 5px; font-size: 14px; display: flex; align-items: center; justify-content: center;\">\n            &#128249; Telemedicina\n        <\/a>\n        <a href=\"https:\/\/www.topdoctors.es\/doctor\/alfonso-canete-diaz\/\" target=\"_blank\" rel=\"noopener noreferrer\" \n           style=\"flex: 1; text-align: center; padding: 10px; background-color: #ff9e00; color: white; text-decoration: none; border-radius: 5px; font-size: 14px; display: flex; align-items: center; justify-content: center;\">\n            &#128197; Reservar\n        <\/a>\n    <\/div>\n<\/div>\n\t\t\t\t<\/div>\n\t\t\t\t<\/div>\n\t\t\t\t\t<\/div>\n\t\t<\/div>\n\t\t\t\t<div class=\"elementor-column elementor-col-50 elementor-inner-column elementor-element elementor-element-faf80af\" data-id=\"faf80af\" data-element_type=\"column\" data-e-type=\"column\" data-settings=\"{&quot;background_background&quot;:&quot;classic&quot;}\">\n\t\t\t<div class=\"elementor-widget-wrap elementor-element-populated\">\n\t\t\t\t\t\t<div class=\"elementor-element elementor-element-2654194 elementor-widget elementor-widget-text-editor\" data-id=\"2654194\" data-element_type=\"widget\" data-e-type=\"widget\" data-widget_type=\"text-editor.default\">\n\t\t\t\t<div class=\"elementor-widget-container\">\n\t\t\t\t\t\t\t\t\t<p><span style=\"font-weight: 400;\">DOCTORALIA<\/span><\/p>\t\t\t\t\t\t\t\t<\/div>\n\t\t\t\t<\/div>\n\t\t\t\t<div class=\"elementor-element elementor-element-80f8aab elementor-widget elementor-widget-html\" data-id=\"80f8aab\" data-element_type=\"widget\" data-e-type=\"widget\" data-widget_type=\"html.default\">\n\t\t\t\t<div class=\"elementor-widget-container\">\n\t\t\t\t\t<a id=\"zl-url\" class=\"zl-url\" href=\"https:\/\/www.doctoralia.es\/alfonso-canete-diaz\/pediatra\/madrid\" rel=\"nofollow\" data-zlw-doctor=\"alfonso-canete-diaz\" data-zlw-type=\"big\" data-zlw-opinion=\"false\" data-zlw-hide-branding=\"true\">Alfonso Ca\u00f1ete D\u00edaz - Doctoralia.es<\/a><script>!function($_x,_s,id){var js,fjs=$_x.getElementsByTagName(_s)[0];if(!$_x.getElementById(id)){js = $_x.createElement(_s);js.id = id;js.src = \"\/\/platform.docplanner.com\/js\/widget.js\";fjs.parentNode.insertBefore(js,fjs);}}(document,\"script\",\"zl-widget-s\");<\/script>\t\t\t\t<\/div>\n\t\t\t\t<\/div>\n\t\t\t\t\t<\/div>\n\t\t<\/div>\n\t\t\t\t\t<\/div>\n\t\t<\/section>\n\t\t\t\t\t<\/div>\n\t\t<\/div>\n\t\t\t\t\t<\/div>\n\t\t<\/section>\n\t\t\t\t<\/div>\n\t\t","protected":false},"excerpt":{"rendered":"<p>Pedir cita: Para pedir cita con el Dr. Alfonso Ca\u00f1ete, se puede contactar telef\u00f3nicamente con las cl\u00ednicas o bien citarse directamente online a trav\u00e9s de internet (Top Doctors o Dotoralia) de la siguiente manera: 1- Pedir cita contactando telef\u00f3nicamente con las cl\u00ednicas: Lunes y Mi\u00e9rcoles en: MIP-SALUD Tel: 34 911 123 479 Martes, Jueves y [&hellip;]<\/p>\n","protected":false},"author":1,"featured_media":0,"parent":0,"menu_order":0,"comment_status":"closed","ping_status":"closed","template":"elementor_header_footer","meta":{"footnotes":""},"class_list":["post-393","page","type-page","status-publish","hentry"],"yoast_head":"<!-- This site is optimized with the Yoast SEO plugin v27.5 - https:\/\/yoast.com\/product\/yoast-seo-wordpress\/ -->\n<title>PEDIR CITA<\/title>\n<meta name=\"robots\" content=\"index, follow, max-snippet:-1, max-image-preview:large, max-video-preview:-1\" \/>\n<link rel=\"canonical\" href=\"https:\/\/pediatra365.com\/en\/pedir-cita\/\" \/>\n<meta property=\"og:locale\" content=\"en_US\" \/>\n<meta property=\"og:type\" content=\"article\" \/>\n<meta property=\"og:title\" content=\"PEDIR CITA\" \/>\n<meta property=\"og:description\" content=\"Pedir cita: Para pedir cita con el Dr. Alfonso Ca\u00f1ete, se puede contactar telef\u00f3nicamente con las cl\u00ednicas o bien citarse directamente online a trav\u00e9s de internet (Top Doctors o Dotoralia) de la siguiente manera: 1- Pedir cita contactando telef\u00f3nicamente con las cl\u00ednicas: Lunes y Mi\u00e9rcoles en: MIP-SALUD Tel: 34 911 123 479 Martes, Jueves y [&hellip;]\" \/>\n<meta property=\"og:url\" content=\"https:\/\/pediatra365.com\/en\/pedir-cita\/\" \/>\n<meta property=\"og:site_name\" content=\"Pediatra365\" \/>\n<meta property=\"article:modified_time\" content=\"2025-01-21T22:12:08+00:00\" \/>\n<meta property=\"og:image\" content=\"https:\/\/via.placeholder.com\/100\" \/>\n<meta name=\"twitter:card\" content=\"summary_large_image\" \/>\n<script type=\"application\/ld+json\" class=\"yoast-schema-graph\">{\"@context\":\"https:\\\/\\\/schema.org\",\"@graph\":[{\"@type\":\"WebPage\",\"@id\":\"https:\\\/\\\/pediatra365.com\\\/en\\\/pedir-cita\\\/\",\"url\":\"https:\\\/\\\/pediatra365.com\\\/en\\\/pedir-cita\\\/\",\"name\":\"PEDIR CITA\",\"isPartOf\":{\"@id\":\"https:\\\/\\\/pediatra365.com\\\/#website\"},\"primaryImageOfPage\":{\"@id\":\"https:\\\/\\\/pediatra365.com\\\/en\\\/pedir-cita\\\/#primaryimage\"},\"image\":{\"@id\":\"https:\\\/\\\/pediatra365.com\\\/en\\\/pedir-cita\\\/#primaryimage\"},\"thumbnailUrl\":\"https:\\\/\\\/via.placeholder.com\\\/100\",\"datePublished\":\"2023-02-21T10:17:12+00:00\",\"dateModified\":\"2025-01-21T22:12:08+00:00\",\"breadcrumb\":{\"@id\":\"https:\\\/\\\/pediatra365.com\\\/en\\\/pedir-cita\\\/#breadcrumb\"},\"inLanguage\":\"en-US\",\"potentialAction\":[{\"@type\":\"ReadAction\",\"target\":[\"https:\\\/\\\/pediatra365.com\\\/en\\\/pedir-cita\\\/\"]}]},{\"@type\":\"ImageObject\",\"inLanguage\":\"en-US\",\"@id\":\"https:\\\/\\\/pediatra365.com\\\/en\\\/pedir-cita\\\/#primaryimage\",\"url\":\"https:\\\/\\\/via.placeholder.com\\\/100\",\"contentUrl\":\"https:\\\/\\\/via.placeholder.com\\\/100\"},{\"@type\":\"BreadcrumbList\",\"@id\":\"https:\\\/\\\/pediatra365.com\\\/en\\\/pedir-cita\\\/#breadcrumb\",\"itemListElement\":[{\"@type\":\"ListItem\",\"position\":1,\"name\":\"Portada\",\"item\":\"https:\\\/\\\/pediatra365.com\\\/\"},{\"@type\":\"ListItem\",\"position\":2,\"name\":\"PEDIR CITA\"}]},{\"@type\":\"WebSite\",\"@id\":\"https:\\\/\\\/pediatra365.com\\\/#website\",\"url\":\"https:\\\/\\\/pediatra365.com\\\/\",\"name\":\"Pediatra365\",\"description\":\"Servicio de pediatr\u00eda a domicilio en Madrid\",\"publisher\":{\"@id\":\"https:\\\/\\\/pediatra365.com\\\/#\\\/schema\\\/person\\\/95a0a44149e9026d0aa2d63c8179a94c\"},\"alternateName\":\"El mejor pediatra a domicilio en Madrid\",\"potentialAction\":[{\"@type\":\"SearchAction\",\"target\":{\"@type\":\"EntryPoint\",\"urlTemplate\":\"https:\\\/\\\/pediatra365.com\\\/?s={search_term_string}\"},\"query-input\":{\"@type\":\"PropertyValueSpecification\",\"valueRequired\":true,\"valueName\":\"search_term_string\"}}],\"inLanguage\":\"en-US\"},{\"@type\":[\"Person\",\"Organization\"],\"@id\":\"https:\\\/\\\/pediatra365.com\\\/#\\\/schema\\\/person\\\/95a0a44149e9026d0aa2d63c8179a94c\",\"name\":\"Alfonso Ca\u00f1ete\",\"image\":{\"@type\":\"ImageObject\",\"inLanguage\":\"en-US\",\"@id\":\"https:\\\/\\\/pediatra365.com\\\/wp-content\\\/uploads\\\/2023\\\/02\\\/WhatsApp-Image-2023-02-12-at-19.38.17.jpeg\",\"url\":\"https:\\\/\\\/pediatra365.com\\\/wp-content\\\/uploads\\\/2023\\\/02\\\/WhatsApp-Image-2023-02-12-at-19.38.17.jpeg\",\"contentUrl\":\"https:\\\/\\\/pediatra365.com\\\/wp-content\\\/uploads\\\/2023\\\/02\\\/WhatsApp-Image-2023-02-12-at-19.38.17.jpeg\",\"width\":1600,\"height\":297,\"caption\":\"Alfonso Ca\u00f1ete\"},\"logo\":{\"@id\":\"https:\\\/\\\/pediatra365.com\\\/wp-content\\\/uploads\\\/2023\\\/02\\\/WhatsApp-Image-2023-02-12-at-19.38.17.jpeg\"},\"sameAs\":[\"https:\\\/\\\/pediatra365.com\\\/\"]}]}<\/script>\n<!-- \/ Yoast SEO plugin. -->","yoast_head_json":{"title":"PEDIR CITA","robots":{"index":"index","follow":"follow","max-snippet":"max-snippet:-1","max-image-preview":"max-image-preview:large","max-video-preview":"max-video-preview:-1"},"canonical":"https:\/\/pediatra365.com\/en\/pedir-cita\/","og_locale":"en_US","og_type":"article","og_title":"PEDIR CITA","og_description":"Pedir cita: Para pedir cita con el Dr. Alfonso Ca\u00f1ete, se puede contactar telef\u00f3nicamente con las cl\u00ednicas o bien citarse directamente online a trav\u00e9s de internet (Top Doctors o Dotoralia) de la siguiente manera: 1- Pedir cita contactando telef\u00f3nicamente con las cl\u00ednicas: Lunes y Mi\u00e9rcoles en: MIP-SALUD Tel: 34 911 123 479 Martes, Jueves y [&hellip;]","og_url":"https:\/\/pediatra365.com\/en\/pedir-cita\/","og_site_name":"Pediatra365","article_modified_time":"2025-01-21T22:12:08+00:00","og_image":[{"url":"https:\/\/via.placeholder.com\/100","type":"","width":"","height":""}],"twitter_card":"summary_large_image","schema":{"@context":"https:\/\/schema.org","@graph":[{"@type":"WebPage","@id":"https:\/\/pediatra365.com\/en\/pedir-cita\/","url":"https:\/\/pediatra365.com\/en\/pedir-cita\/","name":"PEDIR CITA","isPartOf":{"@id":"https:\/\/pediatra365.com\/#website"},"primaryImageOfPage":{"@id":"https:\/\/pediatra365.com\/en\/pedir-cita\/#primaryimage"},"image":{"@id":"https:\/\/pediatra365.com\/en\/pedir-cita\/#primaryimage"},"thumbnailUrl":"https:\/\/via.placeholder.com\/100","datePublished":"2023-02-21T10:17:12+00:00","dateModified":"2025-01-21T22:12:08+00:00","breadcrumb":{"@id":"https:\/\/pediatra365.com\/en\/pedir-cita\/#breadcrumb"},"inLanguage":"en-US","potentialAction":[{"@type":"ReadAction","target":["https:\/\/pediatra365.com\/en\/pedir-cita\/"]}]},{"@type":"ImageObject","inLanguage":"en-US","@id":"https:\/\/pediatra365.com\/en\/pedir-cita\/#primaryimage","url":"https:\/\/via.placeholder.com\/100","contentUrl":"https:\/\/via.placeholder.com\/100"},{"@type":"BreadcrumbList","@id":"https:\/\/pediatra365.com\/en\/pedir-cita\/#breadcrumb","itemListElement":[{"@type":"ListItem","position":1,"name":"Portada","item":"https:\/\/pediatra365.com\/"},{"@type":"ListItem","position":2,"name":"PEDIR CITA"}]},{"@type":"WebSite","@id":"https:\/\/pediatra365.com\/#website","url":"https:\/\/pediatra365.com\/","name":"Pediatra365","description":"Servicio de pediatr\u00eda a domicilio en Madrid","publisher":{"@id":"https:\/\/pediatra365.com\/#\/schema\/person\/95a0a44149e9026d0aa2d63c8179a94c"},"alternateName":"El mejor pediatra a domicilio en Madrid","potentialAction":[{"@type":"SearchAction","target":{"@type":"EntryPoint","urlTemplate":"https:\/\/pediatra365.com\/?s={search_term_string}"},"query-input":{"@type":"PropertyValueSpecification","valueRequired":true,"valueName":"search_term_string"}}],"inLanguage":"en-US"},{"@type":["Person","Organization"],"@id":"https:\/\/pediatra365.com\/#\/schema\/person\/95a0a44149e9026d0aa2d63c8179a94c","name":"Alfonso Ca\u00f1ete","image":{"@type":"ImageObject","inLanguage":"en-US","@id":"https:\/\/pediatra365.com\/wp-content\/uploads\/2023\/02\/WhatsApp-Image-2023-02-12-at-19.38.17.jpeg","url":"https:\/\/pediatra365.com\/wp-content\/uploads\/2023\/02\/WhatsApp-Image-2023-02-12-at-19.38.17.jpeg","contentUrl":"https:\/\/pediatra365.com\/wp-content\/uploads\/2023\/02\/WhatsApp-Image-2023-02-12-at-19.38.17.jpeg","width":1600,"height":297,"caption":"Alfonso Ca\u00f1ete"},"logo":{"@id":"https:\/\/pediatra365.com\/wp-content\/uploads\/2023\/02\/WhatsApp-Image-2023-02-12-at-19.38.17.jpeg"},"sameAs":["https:\/\/pediatra365.com\/"]}]}},"_links":{"self":[{"href":"https:\/\/pediatra365.com\/en\/wp-json\/wp\/v2\/pages\/393","targetHints":{"allow":["GET"]}}],"collection":[{"href":"https:\/\/pediatra365.com\/en\/wp-json\/wp\/v2\/pages"}],"about":[{"href":"https:\/\/pediatra365.com\/en\/wp-json\/wp\/v2\/types\/page"}],"author":[{"embeddable":true,"href":"https:\/\/pediatra365.com\/en\/wp-json\/wp\/v2\/users\/1"}],"replies":[{"embeddable":true,"href":"https:\/\/pediatra365.com\/en\/wp-json\/wp\/v2\/comments?post=393"}],"version-history":[{"count":49,"href":"https:\/\/pediatra365.com\/en\/wp-json\/wp\/v2\/pages\/393\/revisions"}],"predecessor-version":[{"id":610,"href":"https:\/\/pediatra365.com\/en\/wp-json\/wp\/v2\/pages\/393\/revisions\/610"}],"wp:attachment":[{"href":"https:\/\/pediatra365.com\/en\/wp-json\/wp\/v2\/media?parent=393"}],"curies":[{"name":"wp","href":"https:\/\/api.w.org\/{rel}","templated":true}]}}